{"id":61,"date":"2019-07-17T10:01:16","date_gmt":"2019-07-17T10:01:16","guid":{"rendered":"http:\/\/cafe-ruhrblick.ruhr\/?page_id=61"},"modified":"2019-10-28T09:19:31","modified_gmt":"2019-10-28T09:19:31","slug":"veranstaltungen","status":"publish","type":"page","link":"https:\/\/cafe-ruhrblick.ruhr\/?page_id=61","title":{"rendered":"Veranstaltungen"},"content":{"rendered":"\n<p>Unser Caf\u00e9 eignet sich hervorragend f\u00fcr jegliche Arten von Feierlichkeiten. So k\u00f6nnen Sie bei uns wunderbar mit Ihren Freunden, Verwandten und Bekannten Ihren Geburtstag feiern. Daneben k\u00f6nnen auch Wandergruppen bei uns einkehren und sich f\u00fcr den weiteren Weg st\u00e4rken.<\/p>\n\n\n\n<p>Auch f\u00fcr weniger erfreuliche Anl\u00e4sse wie Beerdigungen bieten wir Ihnen die geeigneten R\u00e4umlichkeiten und selbstverst\u00e4ndlich ein piet\u00e4tvolles Verhalten.<\/p>\n\n\n\n<p>Unser Caf\u00e9 verf\u00fcgt im Innenbereich \u00fcber 40 Sitzpl\u00e4tze, auf der Terasse befinden sich au\u00dferdem weitere 20 Pl\u00e4tze.<\/p>\n\n\n\n<p>Am besten reservieren Sie einige Wochen im Voraus das Caf\u00e9 f\u00fcr Ihren Anlass. Dann k\u00f6nnen Sie auch gleich mit uns \u00fcber die Verpflegung Ihrer G\u00e4ste und eventuelle Sonderw\u00fcnsche wie eine eigene Torte sprechen. Wir sind f\u00fcr Sie jederzeit erreichbar unter:  02 01 \/ 58 74 83.<\/p>\n\n\n\n<ul class=\"wp-block-gallery columns-3 is-cropped wp-block-gallery-1 is-layout-flex wp-block-gallery-is-layout-flex\"><li class=\"blocks-gallery-item\"><figure><img loading=\"lazy\" decoding=\"async\" width=\"684\" height=\"1024\" src=\"https:\/\/cafe-ruhrblick.ruhr\/wp-content\/uploads\/2019\/10\/unbenannte-Fotosession-6943-684x1024.jpg\" alt=\"\" data-id=\"133\" data-link=\"https:\/\/cafe-ruhrblick.ruhr\/?attachment_id=133\" class=\"wp-image-133\" srcset=\"https:\/\/cafe-ruhrblick.ruhr\/wp-content\/uploads\/2019\/10\/unbenannte-Fotosession-6943.jpg 684w, https:\/\/cafe-ruhrblick.ruhr\/wp-content\/uploads\/2019\/10\/unbenannte-Fotosession-6943-200x300.jpg 200w\" sizes=\"auto, (max-width: 684px) 100vw, 684px\" \/><\/figure><\/li><li class=\"blocks-gallery-item\"><figure><img loading=\"lazy\" decoding=\"async\" width=\"684\" height=\"1024\" src=\"https:\/\/cafe-ruhrblick.ruhr\/wp-content\/uploads\/2019\/10\/unbenannte-Fotosession-6936-684x1024.jpg\" alt=\"\" data-id=\"132\" data-link=\"https:\/\/cafe-ruhrblick.ruhr\/?attachment_id=132\" class=\"wp-image-132\" srcset=\"https:\/\/cafe-ruhrblick.ruhr\/wp-content\/uploads\/2019\/10\/unbenannte-Fotosession-6936.jpg 684w, https:\/\/cafe-ruhrblick.ruhr\/wp-content\/uploads\/2019\/10\/unbenannte-Fotosession-6936-200x300.jpg 200w\" sizes=\"auto, (max-width: 684px) 100vw, 684px\" \/><\/figure><\/li><li class=\"blocks-gallery-item\"><figure><img loading=\"lazy\" decoding=\"async\" width=\"1024\" height=\"629\" src=\"https:\/\/cafe-ruhrblick.ruhr\/wp-content\/uploads\/2019\/07\/58749260_2257859941130333_7937461001685827584_o-1024x629.jpg\" alt=\"\" data-id=\"5\" data-link=\"https:\/\/cafe-ruhrblick.ruhr\/?attachment_id=5\" class=\"wp-image-5\" srcset=\"https:\/\/cafe-ruhrblick.ruhr\/wp-content\/uploads\/2019\/07\/58749260_2257859941130333_7937461001685827584_o-1024x629.jpg 1024w, https:\/\/cafe-ruhrblick.ruhr\/wp-content\/uploads\/2019\/07\/58749260_2257859941130333_7937461001685827584_o-300x184.jpg 300w, https:\/\/cafe-ruhrblick.ruhr\/wp-content\/uploads\/2019\/07\/58749260_2257859941130333_7937461001685827584_o-768x472.jpg 768w, https:\/\/cafe-ruhrblick.ruhr\/wp-content\/uploads\/2019\/07\/58749260_2257859941130333_7937461001685827584_o.jpg 1772w\" sizes=\"auto, (max-width: 1024px) 100vw, 1024px\" \/><\/figure><\/li><\/ul>\n","protected":false},"excerpt":{"rendered":"<div class=\"entry-summary\">\nUnser Caf\u00e9 eignet sich hervorragend f\u00fcr jegliche Arten von Feierlichkeiten. So k\u00f6nnen&hellip;\n<\/div>\n<div class=\"link-more\"><a href=\"https:\/\/cafe-ruhrblick.ruhr\/?page_id=61\" class=\"more-link\">Continue reading<span class=\"screen-reader-text\"> &ldquo;Veranstaltungen&rdquo;<\/span>&hellip;<\/a><\/div>\n","protected":false},"author":1,"featured_media":0,"parent":0,"menu_order":0,"comment_status":"closed","ping_status":"closed","template":"","meta":{"_monsterinsights_skip_tracking":false,"_monsterinsights_sitenote_active":false,"_monsterinsights_sitenote_note":"","_monsterinsights_sitenote_category":0,"footnotes":""},"class_list":["post-61","page","type-page","status-publish","hentry","entry"],"yoast_head":"<!-- This site is optimized with the Yoast SEO plugin v27.4 - https:\/\/yoast.com\/product\/yoast-seo-wordpress\/ -->\n<title>Veranstaltungen - Caf\u00e9 Ruhrblick<\/title>\n<meta name=\"robots\" content=\"index, follow, max-snippet:-1, max-image-preview:large, max-video-preview:-1\" \/>\n<link rel=\"canonical\" href=\"https:\/\/cafe-ruhrblick.ruhr\/?page_id=61\" \/>\n<meta property=\"og:locale\" content=\"de_DE\" \/>\n<meta property=\"og:type\" content=\"article\" \/>\n<meta property=\"og:title\" content=\"Veranstaltungen - Caf\u00e9 Ruhrblick\" \/>\n<meta property=\"og:description\" content=\"Unser Caf\u00e9 eignet sich hervorragend f\u00fcr jegliche Arten von Feierlichkeiten. So k\u00f6nnen&hellip; Continue reading &ldquo;Veranstaltungen&rdquo;&hellip;\" \/>\n<meta property=\"og:url\" content=\"https:\/\/cafe-ruhrblick.ruhr\/?page_id=61\" \/>\n<meta property=\"og:site_name\" content=\"Caf\u00e9 Ruhrblick\" \/>\n<meta property=\"article:modified_time\" content=\"2019-10-28T09:19:31+00:00\" \/>\n<meta property=\"og:image\" content=\"http:\/\/cafe-ruhrblick.ruhr\/wp-content\/uploads\/2019\/10\/unbenannte-Fotosession-6943-684x1024.jpg\" \/>\n<meta name=\"twitter:card\" content=\"summary_large_image\" \/>\n<meta name=\"twitter:label1\" content=\"Gesch\u00e4tzte Lesezeit\" \/>\n\t<meta name=\"twitter:data1\" content=\"1\u00a0Minute\" \/>\n<script type=\"application\/ld+json\" class=\"yoast-schema-graph\">{\"@context\":\"https:\\\/\\\/schema.org\",\"@graph\":[{\"@type\":\"WebPage\",\"@id\":\"https:\\\/\\\/cafe-ruhrblick.ruhr\\\/?page_id=61\",\"url\":\"https:\\\/\\\/cafe-ruhrblick.ruhr\\\/?page_id=61\",\"name\":\"Veranstaltungen - Caf\u00e9 Ruhrblick\",\"isPartOf\":{\"@id\":\"https:\\\/\\\/cafe-ruhrblick.ruhr\\\/#website\"},\"primaryImageOfPage\":{\"@id\":\"https:\\\/\\\/cafe-ruhrblick.ruhr\\\/?page_id=61#primaryimage\"},\"image\":{\"@id\":\"https:\\\/\\\/cafe-ruhrblick.ruhr\\\/?page_id=61#primaryimage\"},\"thumbnailUrl\":\"http:\\\/\\\/cafe-ruhrblick.ruhr\\\/wp-content\\\/uploads\\\/2019\\\/10\\\/unbenannte-Fotosession-6943-684x1024.jpg\",\"datePublished\":\"2019-07-17T10:01:16+00:00\",\"dateModified\":\"2019-10-28T09:19:31+00:00\",\"breadcrumb\":{\"@id\":\"https:\\\/\\\/cafe-ruhrblick.ruhr\\\/?page_id=61#breadcrumb\"},\"inLanguage\":\"de\",\"potentialAction\":[{\"@type\":\"ReadAction\",\"target\":[\"https:\\\/\\\/cafe-ruhrblick.ruhr\\\/?page_id=61\"]}]},{\"@type\":\"ImageObject\",\"inLanguage\":\"de\",\"@id\":\"https:\\\/\\\/cafe-ruhrblick.ruhr\\\/?page_id=61#primaryimage\",\"url\":\"http:\\\/\\\/cafe-ruhrblick.ruhr\\\/wp-content\\\/uploads\\\/2019\\\/10\\\/unbenannte-Fotosession-6943-684x1024.jpg\",\"contentUrl\":\"http:\\\/\\\/cafe-ruhrblick.ruhr\\\/wp-content\\\/uploads\\\/2019\\\/10\\\/unbenannte-Fotosession-6943-684x1024.jpg\"},{\"@type\":\"BreadcrumbList\",\"@id\":\"https:\\\/\\\/cafe-ruhrblick.ruhr\\\/?page_id=61#breadcrumb\",\"itemListElement\":[{\"@type\":\"ListItem\",\"position\":1,\"name\":\"Startseite\",\"item\":\"https:\\\/\\\/cafe-ruhrblick.ruhr\\\/\"},{\"@type\":\"ListItem\",\"position\":2,\"name\":\"Veranstaltungen\"}]},{\"@type\":\"WebSite\",\"@id\":\"https:\\\/\\\/cafe-ruhrblick.ruhr\\\/#website\",\"url\":\"https:\\\/\\\/cafe-ruhrblick.ruhr\\\/\",\"name\":\"Caf\u00e9 Ruhrblick\",\"description\":\"Genie\u00dfen mit guter Aussicht\",\"publisher\":{\"@id\":\"https:\\\/\\\/cafe-ruhrblick.ruhr\\\/#organization\"},\"potentialAction\":[{\"@type\":\"SearchAction\",\"target\":{\"@type\":\"EntryPoint\",\"urlTemplate\":\"https:\\\/\\\/cafe-ruhrblick.ruhr\\\/?s={search_term_string}\"},\"query-input\":{\"@type\":\"PropertyValueSpecification\",\"valueRequired\":true,\"valueName\":\"search_term_string\"}}],\"inLanguage\":\"de\"},{\"@type\":\"Organization\",\"@id\":\"https:\\\/\\\/cafe-ruhrblick.ruhr\\\/#organization\",\"name\":\"Caf\u00e9 Ruhrblick\",\"url\":\"https:\\\/\\\/cafe-ruhrblick.ruhr\\\/\",\"logo\":{\"@type\":\"ImageObject\",\"inLanguage\":\"de\",\"@id\":\"https:\\\/\\\/cafe-ruhrblick.ruhr\\\/#\\\/schema\\\/logo\\\/image\\\/\",\"url\":\"https:\\\/\\\/cafe-ruhrblick.ruhr\\\/wp-content\\\/uploads\\\/2019\\\/07\\\/cropped-branding.png\",\"contentUrl\":\"https:\\\/\\\/cafe-ruhrblick.ruhr\\\/wp-content\\\/uploads\\\/2019\\\/07\\\/cropped-branding.png\",\"width\":153,\"height\":97,\"caption\":\"Caf\u00e9 Ruhrblick\"},\"image\":{\"@id\":\"https:\\\/\\\/cafe-ruhrblick.ruhr\\\/#\\\/schema\\\/logo\\\/image\\\/\"}}]}<\/script>\n<!-- \/ Yoast SEO plugin. -->","yoast_head_json":{"title":"Veranstaltungen - Caf\u00e9 Ruhrblick","robots":{"index":"index","follow":"follow","max-snippet":"max-snippet:-1","max-image-preview":"max-image-preview:large","max-video-preview":"max-video-preview:-1"},"canonical":"https:\/\/cafe-ruhrblick.ruhr\/?page_id=61","og_locale":"de_DE","og_type":"article","og_title":"Veranstaltungen - Caf\u00e9 Ruhrblick","og_description":"Unser Caf\u00e9 eignet sich hervorragend f\u00fcr jegliche Arten von Feierlichkeiten. So k\u00f6nnen&hellip; Continue reading &ldquo;Veranstaltungen&rdquo;&hellip;","og_url":"https:\/\/cafe-ruhrblick.ruhr\/?page_id=61","og_site_name":"Caf\u00e9 Ruhrblick","article_modified_time":"2019-10-28T09:19:31+00:00","og_image":[{"url":"http:\/\/cafe-ruhrblick.ruhr\/wp-content\/uploads\/2019\/10\/unbenannte-Fotosession-6943-684x1024.jpg","type":"","width":"","height":""}],"twitter_card":"summary_large_image","twitter_misc":{"Gesch\u00e4tzte Lesezeit":"1\u00a0Minute"},"schema":{"@context":"https:\/\/schema.org","@graph":[{"@type":"WebPage","@id":"https:\/\/cafe-ruhrblick.ruhr\/?page_id=61","url":"https:\/\/cafe-ruhrblick.ruhr\/?page_id=61","name":"Veranstaltungen - Caf\u00e9 Ruhrblick","isPartOf":{"@id":"https:\/\/cafe-ruhrblick.ruhr\/#website"},"primaryImageOfPage":{"@id":"https:\/\/cafe-ruhrblick.ruhr\/?page_id=61#primaryimage"},"image":{"@id":"https:\/\/cafe-ruhrblick.ruhr\/?page_id=61#primaryimage"},"thumbnailUrl":"http:\/\/cafe-ruhrblick.ruhr\/wp-content\/uploads\/2019\/10\/unbenannte-Fotosession-6943-684x1024.jpg","datePublished":"2019-07-17T10:01:16+00:00","dateModified":"2019-10-28T09:19:31+00:00","breadcrumb":{"@id":"https:\/\/cafe-ruhrblick.ruhr\/?page_id=61#breadcrumb"},"inLanguage":"de","potentialAction":[{"@type":"ReadAction","target":["https:\/\/cafe-ruhrblick.ruhr\/?page_id=61"]}]},{"@type":"ImageObject","inLanguage":"de","@id":"https:\/\/cafe-ruhrblick.ruhr\/?page_id=61#primaryimage","url":"http:\/\/cafe-ruhrblick.ruhr\/wp-content\/uploads\/2019\/10\/unbenannte-Fotosession-6943-684x1024.jpg","contentUrl":"http:\/\/cafe-ruhrblick.ruhr\/wp-content\/uploads\/2019\/10\/unbenannte-Fotosession-6943-684x1024.jpg"},{"@type":"BreadcrumbList","@id":"https:\/\/cafe-ruhrblick.ruhr\/?page_id=61#breadcrumb","itemListElement":[{"@type":"ListItem","position":1,"name":"Startseite","item":"https:\/\/cafe-ruhrblick.ruhr\/"},{"@type":"ListItem","position":2,"name":"Veranstaltungen"}]},{"@type":"WebSite","@id":"https:\/\/cafe-ruhrblick.ruhr\/#website","url":"https:\/\/cafe-ruhrblick.ruhr\/","name":"Caf\u00e9 Ruhrblick","description":"Genie\u00dfen mit guter Aussicht","publisher":{"@id":"https:\/\/cafe-ruhrblick.ruhr\/#organization"},"potentialAction":[{"@type":"SearchAction","target":{"@type":"EntryPoint","urlTemplate":"https:\/\/cafe-ruhrblick.ruhr\/?s={search_term_string}"},"query-input":{"@type":"PropertyValueSpecification","valueRequired":true,"valueName":"search_term_string"}}],"inLanguage":"de"},{"@type":"Organization","@id":"https:\/\/cafe-ruhrblick.ruhr\/#organization","name":"Caf\u00e9 Ruhrblick","url":"https:\/\/cafe-ruhrblick.ruhr\/","logo":{"@type":"ImageObject","inLanguage":"de","@id":"https:\/\/cafe-ruhrblick.ruhr\/#\/schema\/logo\/image\/","url":"https:\/\/cafe-ruhrblick.ruhr\/wp-content\/uploads\/2019\/07\/cropped-branding.png","contentUrl":"https:\/\/cafe-ruhrblick.ruhr\/wp-content\/uploads\/2019\/07\/cropped-branding.png","width":153,"height":97,"caption":"Caf\u00e9 Ruhrblick"},"image":{"@id":"https:\/\/cafe-ruhrblick.ruhr\/#\/schema\/logo\/image\/"}}]}},"_links":{"self":[{"href":"https:\/\/cafe-ruhrblick.ruhr\/index.php?rest_route=\/wp\/v2\/pages\/61","targetHints":{"allow":["GET"]}}],"collection":[{"href":"https:\/\/cafe-ruhrblick.ruhr\/index.php?rest_route=\/wp\/v2\/pages"}],"about":[{"href":"https:\/\/cafe-ruhrblick.ruhr\/index.php?rest_route=\/wp\/v2\/types\/page"}],"author":[{"embeddable":true,"href":"https:\/\/cafe-ruhrblick.ruhr\/index.php?rest_route=\/wp\/v2\/users\/1"}],"replies":[{"embeddable":true,"href":"https:\/\/cafe-ruhrblick.ruhr\/index.php?rest_route=%2Fwp%2Fv2%2Fcomments&post=61"}],"version-history":[{"count":2,"href":"https:\/\/cafe-ruhrblick.ruhr\/index.php?rest_route=\/wp\/v2\/pages\/61\/revisions"}],"predecessor-version":[{"id":134,"href":"https:\/\/cafe-ruhrblick.ruhr\/index.php?rest_route=\/wp\/v2\/pages\/61\/revisions\/134"}],"wp:attachment":[{"href":"https:\/\/cafe-ruhrblick.ruhr\/index.php?rest_route=%2Fwp%2Fv2%2Fmedia&parent=61"}],"curies":[{"name":"wp","href":"https:\/\/api.w.org\/{rel}","templated":true}]}}