{"id":32,"date":"2019-07-17T09:37:47","date_gmt":"2019-07-17T09:37:47","guid":{"rendered":"http:\/\/cafe-ruhrblick.ruhr\/?page_id=32"},"modified":"2022-06-07T08:35:20","modified_gmt":"2022-06-07T08:35:20","slug":"torten","status":"publish","type":"page","link":"https:\/\/cafe-ruhrblick.ruhr\/?page_id=32","title":{"rendered":"Torten"},"content":{"rendered":"\n<p>Ganz egal ob Sie einen Geburtstag planen, eine Hochzeit oder f\u00fcr einen anderen wichtigen Anlasse die passende Torte brauchen: wir setzen Ihre Ideen um und sorgen f\u00fcr eine einzigartige Torte. Wir verf\u00fcgen \u00fcber Jahrzehntelange Konditorerfahrung und sind mit Leidenschaft bei der Arbeit. Hier sehen Sie einige unserer sch\u00f6nsten St\u00fccke. Eine Bestellung k\u00f6nnen Sie mit unserem Bestellformular unten auf dieser Seite vornehmen!<\/p>\n\n\n\n<figure class=\"wp-block-gallery has-nested-images columns-5 is-cropped wp-block-gallery-1 is-layout-flex wp-block-gallery-is-layout-flex\">\n<figure class=\"wp-block-image size-large\"><img loading=\"lazy\" decoding=\"async\" width=\"250\" height=\"187\" data-id=\"33\" src=\"https:\/\/cafe-ruhrblick.ruhr\/wp-content\/uploads\/2019\/07\/18118652_1873182089598122_5825093213448631599_n-1-e1563356508904.jpg\" alt=\"\" class=\"wp-image-33\"\/><\/figure>\n\n\n\n<figure class=\"wp-block-image size-large\"><img loading=\"lazy\" decoding=\"async\" width=\"250\" height=\"444\" data-id=\"34\" src=\"https:\/\/cafe-ruhrblick.ruhr\/wp-content\/uploads\/2019\/07\/19601534_1901796506736680_8760172800768565914_n-e1563356498228.jpg\" alt=\"\" class=\"wp-image-34\"\/><\/figure>\n\n\n\n<figure class=\"wp-block-image size-large\"><img loading=\"lazy\" decoding=\"async\" width=\"250\" height=\"250\" data-id=\"38\" src=\"https:\/\/cafe-ruhrblick.ruhr\/wp-content\/uploads\/2019\/07\/58543346_2255354174714243_4828148504675221504_n-e1563356470954.png\" alt=\"\" class=\"wp-image-38\"\/><\/figure>\n\n\n\n<figure class=\"wp-block-image size-large\"><img loading=\"lazy\" decoding=\"async\" width=\"250\" height=\"333\" data-id=\"37\" src=\"https:\/\/cafe-ruhrblick.ruhr\/wp-content\/uploads\/2019\/07\/34693672_2046529382263391_9173285992264630272_n-e1563356482557.jpg\" alt=\"\" class=\"wp-image-37\"\/><\/figure>\n\n\n\n<figure class=\"wp-block-image size-large\"><img loading=\"lazy\" decoding=\"async\" width=\"251\" height=\"188\" data-id=\"36\" src=\"https:\/\/cafe-ruhrblick.ruhr\/wp-content\/uploads\/2019\/07\/31398280_2030140773902252_8417343045745033887_n-e1563356490976.jpg\" alt=\"\" class=\"wp-image-36\"\/><\/figure>\n\n\n\n<figure class=\"wp-block-image size-large\"><img loading=\"lazy\" decoding=\"async\" width=\"180\" height=\"320\" data-id=\"210\" src=\"https:\/\/cafe-ruhrblick.ruhr\/wp-content\/uploads\/2020\/10\/94571865_231739914742034_4316238009864290304_n.jpeg\" alt=\"\" class=\"wp-image-210\" srcset=\"https:\/\/cafe-ruhrblick.ruhr\/wp-content\/uploads\/2020\/10\/94571865_231739914742034_4316238009864290304_n.jpeg 180w, https:\/\/cafe-ruhrblick.ruhr\/wp-content\/uploads\/2020\/10\/94571865_231739914742034_4316238009864290304_n-169x300.jpeg 169w\" sizes=\"auto, (max-width: 180px) 100vw, 180px\" \/><\/figure>\n\n\n\n<figure class=\"wp-block-image size-large\"><img loading=\"lazy\" decoding=\"async\" width=\"180\" height=\"320\" data-id=\"209\" src=\"https:\/\/cafe-ruhrblick.ruhr\/wp-content\/uploads\/2020\/10\/94482301_517399258928513_4831671464484667392_n.jpeg\" alt=\"\" class=\"wp-image-209\" srcset=\"https:\/\/cafe-ruhrblick.ruhr\/wp-content\/uploads\/2020\/10\/94482301_517399258928513_4831671464484667392_n.jpeg 180w, https:\/\/cafe-ruhrblick.ruhr\/wp-content\/uploads\/2020\/10\/94482301_517399258928513_4831671464484667392_n-169x300.jpeg 169w\" sizes=\"auto, (max-width: 180px) 100vw, 180px\" \/><\/figure>\n\n\n\n<figure class=\"wp-block-image size-large\"><img loading=\"lazy\" decoding=\"async\" width=\"240\" height=\"295\" data-id=\"208\" src=\"https:\/\/cafe-ruhrblick.ruhr\/wp-content\/uploads\/2020\/10\/23826288_1975098799408305_576300184970145953_o.jpeg\" alt=\"\" class=\"wp-image-208\"\/><\/figure>\n\n\n\n<figure class=\"wp-block-image size-large\"><img loading=\"lazy\" decoding=\"async\" width=\"240\" height=\"240\" data-id=\"211\" src=\"https:\/\/cafe-ruhrblick.ruhr\/wp-content\/uploads\/2020\/10\/118873943_2729625223965360_1954708563606414366_n.jpeg\" alt=\"\" class=\"wp-image-211\" srcset=\"https:\/\/cafe-ruhrblick.ruhr\/wp-content\/uploads\/2020\/10\/118873943_2729625223965360_1954708563606414366_n.jpeg 240w, https:\/\/cafe-ruhrblick.ruhr\/wp-content\/uploads\/2020\/10\/118873943_2729625223965360_1954708563606414366_n-150x150.jpeg 150w\" sizes=\"auto, (max-width: 240px) 100vw, 240px\" \/><\/figure>\n\n\n\n<figure class=\"wp-block-image size-large\"><img loading=\"lazy\" decoding=\"async\" width=\"320\" height=\"240\" data-id=\"206\" src=\"https:\/\/cafe-ruhrblick.ruhr\/wp-content\/uploads\/2020\/10\/Image-24.04.17-at-10.58.jpeg\" alt=\"\" class=\"wp-image-206\" srcset=\"https:\/\/cafe-ruhrblick.ruhr\/wp-content\/uploads\/2020\/10\/Image-24.04.17-at-10.58.jpeg 320w, https:\/\/cafe-ruhrblick.ruhr\/wp-content\/uploads\/2020\/10\/Image-24.04.17-at-10.58-300x225.jpeg 300w\" sizes=\"auto, (max-width: 320px) 100vw, 320px\" \/><\/figure>\n<\/figure>\n\n\n\n\n\n<h2 class=\"wp-block-heading\">Tortenbestellung<\/h2>\n\n\n<div class=\"wpforms-container wpforms-container-full wpforms-block\" id=\"wpforms-320\"><form id=\"wpforms-form-320\" class=\"wpforms-validate wpforms-form wpforms-ajax-form\" data-formid=\"320\" method=\"post\" enctype=\"multipart\/form-data\" action=\"\/index.php?rest_route=%2Fwp%2Fv2%2Fpages%2F32\" data-token=\"a93708e342e7cf0300803d04965d6f8b\" data-token-time=\"1777450490\"><noscript class=\"wpforms-error-noscript\">Bitte aktiviere JavaScript in deinem Browser, um dieses Formular fertigzustellen.<\/noscript><div class=\"wpforms-field-container\"><div id=\"wpforms-320-field_0-container\" class=\"wpforms-field wpforms-field-name\" data-field-id=\"0\"><label class=\"wpforms-field-label\">Name <span class=\"wpforms-required-label\">*<\/span><\/label><div class=\"wpforms-field-row wpforms-field-medium\"><div class=\"wpforms-field-row-block wpforms-first wpforms-one-half\"><input type=\"text\" id=\"wpforms-320-field_0\" class=\"wpforms-field-name-first wpforms-field-required\" name=\"wpforms[fields][0][first]\" required><label for=\"wpforms-320-field_0\" class=\"wpforms-field-sublabel after\">Vorname<\/label><\/div><div class=\"wpforms-field-row-block wpforms-one-half\"><input type=\"text\" id=\"wpforms-320-field_0-last\" class=\"wpforms-field-name-last wpforms-field-required\" name=\"wpforms[fields][0][last]\" required><label for=\"wpforms-320-field_0-last\" class=\"wpforms-field-sublabel after\">Nachname<\/label><\/div><\/div><\/div><div id=\"wpforms-320-field_3-container\" class=\"wpforms-field wpforms-field-text\" data-field-id=\"3\"><label class=\"wpforms-field-label\" for=\"wpforms-320-field_3\">Telefon<\/label><input type=\"text\" id=\"wpforms-320-field_3\" class=\"wpforms-field-medium\" name=\"wpforms[fields][3]\" ><\/div><div id=\"wpforms-320-field_1-container\" class=\"wpforms-field wpforms-field-email\" data-field-id=\"1\"><label class=\"wpforms-field-label\" for=\"wpforms-320-field_1\">Email <span class=\"wpforms-required-label\">*<\/span><\/label><input type=\"email\" id=\"wpforms-320-field_1\" class=\"wpforms-field-medium wpforms-field-required\" name=\"wpforms[fields][1]\" spellcheck=\"false\" required><\/div><div id=\"wpforms-320-field_2-container\" class=\"wpforms-field wpforms-field-textarea\" data-field-id=\"2\"><label class=\"wpforms-field-label\" for=\"wpforms-320-field_2\">Bestelldetails <span class=\"wpforms-required-label\">*<\/span><\/label><textarea id=\"wpforms-320-field_2\" class=\"wpforms-field-medium wpforms-field-required\" name=\"wpforms[fields][2]\" required><\/textarea><div class=\"wpforms-field-description\">Bitte beschreiben Sie die gew\u00fcnschte Torte. Nennen Sie uns bitte den Anlass, die Anzahl der Personen sowie den Geschmack und die Optik der Torte. F\u00fcr Details melden wir uns nach Ihrer Kontaktaufnahme bei Ihnen.<\/div><\/div><\/div><!-- .wpforms-field-container --><div class=\"wpforms-submit-container\" ><input type=\"hidden\" name=\"wpforms[id]\" value=\"320\"><input type=\"hidden\" name=\"page_title\" value=\"\"><input type=\"hidden\" name=\"page_url\" value=\"https:\/\/cafe-ruhrblick.ruhr\/index.php?rest_route=\/wp\/v2\/pages\/32\"><input type=\"hidden\" name=\"url_referer\" value=\"\"><button type=\"submit\" name=\"wpforms[submit]\" id=\"wpforms-submit-320\" class=\"wpforms-submit\" data-alt-text=\"Wird gesendet...\" data-submit-text=\"Absenden\" aria-live=\"assertive\" value=\"wpforms-submit\">Absenden<\/button><img loading=\"lazy\" decoding=\"async\" src=\"https:\/\/cafe-ruhrblick.ruhr\/wp-content\/plugins\/wpforms-lite\/assets\/images\/submit-spin.svg\" class=\"wpforms-submit-spinner\" style=\"display: none;\" width=\"26\" height=\"26\" alt=\"Wird geladen\"><\/div><\/form><\/div>  <!-- .wpforms-container -->","protected":false},"excerpt":{"rendered":"<div class=\"entry-summary\">\nGanz egal ob Sie einen Geburtstag planen, eine Hochzeit oder f\u00fcr einen&hellip;\n<\/div>\n<div class=\"link-more\"><a href=\"https:\/\/cafe-ruhrblick.ruhr\/?page_id=32\" class=\"more-link\">Continue reading<span class=\"screen-reader-text\"> &ldquo;Torten&rdquo;<\/span>&hellip;<\/a><\/div>\n","protected":false},"author":1,"featured_media":0,"parent":0,"menu_order":0,"comment_status":"closed","ping_status":"closed","template":"","meta":{"_monsterinsights_skip_tracking":false,"_monsterinsights_sitenote_active":false,"_monsterinsights_sitenote_note":"","_monsterinsights_sitenote_category":0,"footnotes":""},"class_list":["post-32","page","type-page","status-publish","hentry","entry"],"yoast_head":"<!-- This site is optimized with the Yoast SEO plugin v27.5 - https:\/\/yoast.com\/product\/yoast-seo-wordpress\/ -->\n<title>Torten - Caf\u00e9 Ruhrblick<\/title>\n<meta name=\"robots\" content=\"index, follow, max-snippet:-1, max-image-preview:large, max-video-preview:-1\" \/>\n<link rel=\"canonical\" href=\"https:\/\/cafe-ruhrblick.ruhr\/?page_id=32\" \/>\n<meta property=\"og:locale\" content=\"de_DE\" \/>\n<meta property=\"og:type\" content=\"article\" \/>\n<meta property=\"og:title\" content=\"Torten - Caf\u00e9 Ruhrblick\" \/>\n<meta property=\"og:description\" content=\"Ganz egal ob Sie einen Geburtstag planen, eine Hochzeit oder f\u00fcr einen&hellip; Continue reading &ldquo;Torten&rdquo;&hellip;\" \/>\n<meta property=\"og:url\" content=\"https:\/\/cafe-ruhrblick.ruhr\/?page_id=32\" \/>\n<meta property=\"og:site_name\" content=\"Caf\u00e9 Ruhrblick\" \/>\n<meta property=\"article:modified_time\" content=\"2022-06-07T08:35:20+00:00\" \/>\n<meta property=\"og:image\" content=\"http:\/\/cafe-ruhrblick.ruhr\/wp-content\/uploads\/2019\/07\/18118652_1873182089598122_5825093213448631599_n-1-e1563356508904.jpg\" \/>\n<meta name=\"twitter:card\" content=\"summary_large_image\" \/>\n<meta name=\"twitter:label1\" content=\"Gesch\u00e4tzte Lesezeit\" \/>\n\t<meta name=\"twitter:data1\" content=\"3\u00a0Minuten\" \/>\n<script type=\"application\/ld+json\" class=\"yoast-schema-graph\">{\"@context\":\"https:\\\/\\\/schema.org\",\"@graph\":[{\"@type\":\"WebPage\",\"@id\":\"https:\\\/\\\/cafe-ruhrblick.ruhr\\\/?page_id=32\",\"url\":\"https:\\\/\\\/cafe-ruhrblick.ruhr\\\/?page_id=32\",\"name\":\"Torten - Caf\u00e9 Ruhrblick\",\"isPartOf\":{\"@id\":\"https:\\\/\\\/cafe-ruhrblick.ruhr\\\/#website\"},\"primaryImageOfPage\":{\"@id\":\"https:\\\/\\\/cafe-ruhrblick.ruhr\\\/?page_id=32#primaryimage\"},\"image\":{\"@id\":\"https:\\\/\\\/cafe-ruhrblick.ruhr\\\/?page_id=32#primaryimage\"},\"thumbnailUrl\":\"http:\\\/\\\/cafe-ruhrblick.ruhr\\\/wp-content\\\/uploads\\\/2019\\\/07\\\/18118652_1873182089598122_5825093213448631599_n-1-e1563356508904.jpg\",\"datePublished\":\"2019-07-17T09:37:47+00:00\",\"dateModified\":\"2022-06-07T08:35:20+00:00\",\"breadcrumb\":{\"@id\":\"https:\\\/\\\/cafe-ruhrblick.ruhr\\\/?page_id=32#breadcrumb\"},\"inLanguage\":\"de\",\"potentialAction\":[{\"@type\":\"ReadAction\",\"target\":[\"https:\\\/\\\/cafe-ruhrblick.ruhr\\\/?page_id=32\"]}]},{\"@type\":\"ImageObject\",\"inLanguage\":\"de\",\"@id\":\"https:\\\/\\\/cafe-ruhrblick.ruhr\\\/?page_id=32#primaryimage\",\"url\":\"https:\\\/\\\/cafe-ruhrblick.ruhr\\\/wp-content\\\/uploads\\\/2019\\\/07\\\/18118652_1873182089598122_5825093213448631599_n-1-e1563356508904.jpg\",\"contentUrl\":\"https:\\\/\\\/cafe-ruhrblick.ruhr\\\/wp-content\\\/uploads\\\/2019\\\/07\\\/18118652_1873182089598122_5825093213448631599_n-1-e1563356508904.jpg\",\"width\":250,\"height\":187},{\"@type\":\"BreadcrumbList\",\"@id\":\"https:\\\/\\\/cafe-ruhrblick.ruhr\\\/?page_id=32#breadcrumb\",\"itemListElement\":[{\"@type\":\"ListItem\",\"position\":1,\"name\":\"Startseite\",\"item\":\"https:\\\/\\\/cafe-ruhrblick.ruhr\\\/\"},{\"@type\":\"ListItem\",\"position\":2,\"name\":\"Torten\"}]},{\"@type\":\"WebSite\",\"@id\":\"https:\\\/\\\/cafe-ruhrblick.ruhr\\\/#website\",\"url\":\"https:\\\/\\\/cafe-ruhrblick.ruhr\\\/\",\"name\":\"Caf\u00e9 Ruhrblick\",\"description\":\"Genie\u00dfen mit guter Aussicht\",\"publisher\":{\"@id\":\"https:\\\/\\\/cafe-ruhrblick.ruhr\\\/#organization\"},\"potentialAction\":[{\"@type\":\"SearchAction\",\"target\":{\"@type\":\"EntryPoint\",\"urlTemplate\":\"https:\\\/\\\/cafe-ruhrblick.ruhr\\\/?s={search_term_string}\"},\"query-input\":{\"@type\":\"PropertyValueSpecification\",\"valueRequired\":true,\"valueName\":\"search_term_string\"}}],\"inLanguage\":\"de\"},{\"@type\":\"Organization\",\"@id\":\"https:\\\/\\\/cafe-ruhrblick.ruhr\\\/#organization\",\"name\":\"Caf\u00e9 Ruhrblick\",\"url\":\"https:\\\/\\\/cafe-ruhrblick.ruhr\\\/\",\"logo\":{\"@type\":\"ImageObject\",\"inLanguage\":\"de\",\"@id\":\"https:\\\/\\\/cafe-ruhrblick.ruhr\\\/#\\\/schema\\\/logo\\\/image\\\/\",\"url\":\"https:\\\/\\\/cafe-ruhrblick.ruhr\\\/wp-content\\\/uploads\\\/2019\\\/07\\\/cropped-branding.png\",\"contentUrl\":\"https:\\\/\\\/cafe-ruhrblick.ruhr\\\/wp-content\\\/uploads\\\/2019\\\/07\\\/cropped-branding.png\",\"width\":153,\"height\":97,\"caption\":\"Caf\u00e9 Ruhrblick\"},\"image\":{\"@id\":\"https:\\\/\\\/cafe-ruhrblick.ruhr\\\/#\\\/schema\\\/logo\\\/image\\\/\"}}]}<\/script>\n<!-- \/ Yoast SEO plugin. -->","yoast_head_json":{"title":"Torten - Caf\u00e9 Ruhrblick","robots":{"index":"index","follow":"follow","max-snippet":"max-snippet:-1","max-image-preview":"max-image-preview:large","max-video-preview":"max-video-preview:-1"},"canonical":"https:\/\/cafe-ruhrblick.ruhr\/?page_id=32","og_locale":"de_DE","og_type":"article","og_title":"Torten - Caf\u00e9 Ruhrblick","og_description":"Ganz egal ob Sie einen Geburtstag planen, eine Hochzeit oder f\u00fcr einen&hellip; Continue reading &ldquo;Torten&rdquo;&hellip;","og_url":"https:\/\/cafe-ruhrblick.ruhr\/?page_id=32","og_site_name":"Caf\u00e9 Ruhrblick","article_modified_time":"2022-06-07T08:35:20+00:00","og_image":[{"url":"http:\/\/cafe-ruhrblick.ruhr\/wp-content\/uploads\/2019\/07\/18118652_1873182089598122_5825093213448631599_n-1-e1563356508904.jpg","type":"","width":"","height":""}],"twitter_card":"summary_large_image","twitter_misc":{"Gesch\u00e4tzte Lesezeit":"3\u00a0Minuten"},"schema":{"@context":"https:\/\/schema.org","@graph":[{"@type":"WebPage","@id":"https:\/\/cafe-ruhrblick.ruhr\/?page_id=32","url":"https:\/\/cafe-ruhrblick.ruhr\/?page_id=32","name":"Torten - Caf\u00e9 Ruhrblick","isPartOf":{"@id":"https:\/\/cafe-ruhrblick.ruhr\/#website"},"primaryImageOfPage":{"@id":"https:\/\/cafe-ruhrblick.ruhr\/?page_id=32#primaryimage"},"image":{"@id":"https:\/\/cafe-ruhrblick.ruhr\/?page_id=32#primaryimage"},"thumbnailUrl":"http:\/\/cafe-ruhrblick.ruhr\/wp-content\/uploads\/2019\/07\/18118652_1873182089598122_5825093213448631599_n-1-e1563356508904.jpg","datePublished":"2019-07-17T09:37:47+00:00","dateModified":"2022-06-07T08:35:20+00:00","breadcrumb":{"@id":"https:\/\/cafe-ruhrblick.ruhr\/?page_id=32#breadcrumb"},"inLanguage":"de","potentialAction":[{"@type":"ReadAction","target":["https:\/\/cafe-ruhrblick.ruhr\/?page_id=32"]}]},{"@type":"ImageObject","inLanguage":"de","@id":"https:\/\/cafe-ruhrblick.ruhr\/?page_id=32#primaryimage","url":"https:\/\/cafe-ruhrblick.ruhr\/wp-content\/uploads\/2019\/07\/18118652_1873182089598122_5825093213448631599_n-1-e1563356508904.jpg","contentUrl":"https:\/\/cafe-ruhrblick.ruhr\/wp-content\/uploads\/2019\/07\/18118652_1873182089598122_5825093213448631599_n-1-e1563356508904.jpg","width":250,"height":187},{"@type":"BreadcrumbList","@id":"https:\/\/cafe-ruhrblick.ruhr\/?page_id=32#breadcrumb","itemListElement":[{"@type":"ListItem","position":1,"name":"Startseite","item":"https:\/\/cafe-ruhrblick.ruhr\/"},{"@type":"ListItem","position":2,"name":"Torten"}]},{"@type":"WebSite","@id":"https:\/\/cafe-ruhrblick.ruhr\/#website","url":"https:\/\/cafe-ruhrblick.ruhr\/","name":"Caf\u00e9 Ruhrblick","description":"Genie\u00dfen mit guter Aussicht","publisher":{"@id":"https:\/\/cafe-ruhrblick.ruhr\/#organization"},"potentialAction":[{"@type":"SearchAction","target":{"@type":"EntryPoint","urlTemplate":"https:\/\/cafe-ruhrblick.ruhr\/?s={search_term_string}"},"query-input":{"@type":"PropertyValueSpecification","valueRequired":true,"valueName":"search_term_string"}}],"inLanguage":"de"},{"@type":"Organization","@id":"https:\/\/cafe-ruhrblick.ruhr\/#organization","name":"Caf\u00e9 Ruhrblick","url":"https:\/\/cafe-ruhrblick.ruhr\/","logo":{"@type":"ImageObject","inLanguage":"de","@id":"https:\/\/cafe-ruhrblick.ruhr\/#\/schema\/logo\/image\/","url":"https:\/\/cafe-ruhrblick.ruhr\/wp-content\/uploads\/2019\/07\/cropped-branding.png","contentUrl":"https:\/\/cafe-ruhrblick.ruhr\/wp-content\/uploads\/2019\/07\/cropped-branding.png","width":153,"height":97,"caption":"Caf\u00e9 Ruhrblick"},"image":{"@id":"https:\/\/cafe-ruhrblick.ruhr\/#\/schema\/logo\/image\/"}}]}},"_links":{"self":[{"href":"https:\/\/cafe-ruhrblick.ruhr\/index.php?rest_route=\/wp\/v2\/pages\/32","targetHints":{"allow":["GET"]}}],"collection":[{"href":"https:\/\/cafe-ruhrblick.ruhr\/index.php?rest_route=\/wp\/v2\/pages"}],"about":[{"href":"https:\/\/cafe-ruhrblick.ruhr\/index.php?rest_route=\/wp\/v2\/types\/page"}],"author":[{"embeddable":true,"href":"https:\/\/cafe-ruhrblick.ruhr\/index.php?rest_route=\/wp\/v2\/users\/1"}],"replies":[{"embeddable":true,"href":"https:\/\/cafe-ruhrblick.ruhr\/index.php?rest_route=%2Fwp%2Fv2%2Fcomments&post=32"}],"version-history":[{"count":9,"href":"https:\/\/cafe-ruhrblick.ruhr\/index.php?rest_route=\/wp\/v2\/pages\/32\/revisions"}],"predecessor-version":[{"id":325,"href":"https:\/\/cafe-ruhrblick.ruhr\/index.php?rest_route=\/wp\/v2\/pages\/32\/revisions\/325"}],"wp:attachment":[{"href":"https:\/\/cafe-ruhrblick.ruhr\/index.php?rest_route=%2Fwp%2Fv2%2Fmedia&parent=32"}],"curies":[{"name":"wp","href":"https:\/\/api.w.org\/{rel}","templated":true}]}}