{"id":305,"date":"2021-11-30T07:57:18","date_gmt":"2021-11-30T07:57:18","guid":{"rendered":"http:\/\/cafe-ruhrblick.ruhr\/?page_id=305"},"modified":"2021-12-17T10:37:20","modified_gmt":"2021-12-17T10:37:20","slug":"weihnachten","status":"publish","type":"page","link":"https:\/\/cafe-ruhrblick.ruhr\/?page_id=305","title":{"rendered":"Weihnachten"},"content":{"rendered":"\n<p>Die Adventszeit hat begonnen und das feiern wir mit einem gro\u00dfen Angebot an winterlichen Spezialit\u00e4ten. Von Zimtsternen \u00fcber Spekulatius und Lebkuchen bis hin zu Christstollen gibt es bei uns alles, was das Herz begehrt. Kommen Sie vorbei und decken Sie sich mit den leckeren K\u00f6stlichkeiten ein!<\/p>\n\n\n\n<figure class=\"wp-block-gallery columns-3 is-cropped wp-block-gallery-1 is-layout-flex wp-block-gallery-is-layout-flex\"><ul class=\"blocks-gallery-grid\"><li class=\"blocks-gallery-item\"><figure><img loading=\"lazy\" decoding=\"async\" width=\"1024\" height=\"768\" src=\"https:\/\/cafe-ruhrblick.ruhr\/wp-content\/uploads\/2021\/11\/IMG_0119-1024x768.jpg\" alt=\"\" data-id=\"304\" data-full-url=\"https:\/\/cafe-ruhrblick.ruhr\/wp-content\/uploads\/2021\/11\/IMG_0119-scaled.jpg\" data-link=\"https:\/\/cafe-ruhrblick.ruhr\/?attachment_id=304\" class=\"wp-image-304\" srcset=\"https:\/\/cafe-ruhrblick.ruhr\/wp-content\/uploads\/2021\/11\/IMG_0119-1024x768.jpg 1024w, https:\/\/cafe-ruhrblick.ruhr\/wp-content\/uploads\/2021\/11\/IMG_0119-300x225.jpg 300w, https:\/\/cafe-ruhrblick.ruhr\/wp-content\/uploads\/2021\/11\/IMG_0119-768x576.jpg 768w, https:\/\/cafe-ruhrblick.ruhr\/wp-content\/uploads\/2021\/11\/IMG_0119-1536x1152.jpg 1536w, https:\/\/cafe-ruhrblick.ruhr\/wp-content\/uploads\/2021\/11\/IMG_0119-2048x1536.jpg 2048w\" sizes=\"auto, (max-width: 1024px) 100vw, 1024px\" \/><\/figure><\/li><li class=\"blocks-gallery-item\"><figure><img loading=\"lazy\" decoding=\"async\" width=\"1024\" height=\"768\" src=\"https:\/\/cafe-ruhrblick.ruhr\/wp-content\/uploads\/2021\/11\/IMG_0118-1024x768.jpg\" alt=\"\" data-id=\"303\" data-full-url=\"https:\/\/cafe-ruhrblick.ruhr\/wp-content\/uploads\/2021\/11\/IMG_0118-scaled.jpg\" data-link=\"https:\/\/cafe-ruhrblick.ruhr\/?attachment_id=303\" class=\"wp-image-303\" srcset=\"https:\/\/cafe-ruhrblick.ruhr\/wp-content\/uploads\/2021\/11\/IMG_0118-1024x768.jpg 1024w, https:\/\/cafe-ruhrblick.ruhr\/wp-content\/uploads\/2021\/11\/IMG_0118-300x225.jpg 300w, https:\/\/cafe-ruhrblick.ruhr\/wp-content\/uploads\/2021\/11\/IMG_0118-768x576.jpg 768w, https:\/\/cafe-ruhrblick.ruhr\/wp-content\/uploads\/2021\/11\/IMG_0118-1536x1152.jpg 1536w, https:\/\/cafe-ruhrblick.ruhr\/wp-content\/uploads\/2021\/11\/IMG_0118-2048x1536.jpg 2048w\" sizes=\"auto, (max-width: 1024px) 100vw, 1024px\" \/><\/figure><\/li><li class=\"blocks-gallery-item\"><figure><img loading=\"lazy\" decoding=\"async\" width=\"1024\" height=\"768\" src=\"https:\/\/cafe-ruhrblick.ruhr\/wp-content\/uploads\/2021\/11\/IMG_0116-1024x768.jpg\" alt=\"\" data-id=\"302\" data-full-url=\"https:\/\/cafe-ruhrblick.ruhr\/wp-content\/uploads\/2021\/11\/IMG_0116-scaled.jpg\" data-link=\"https:\/\/cafe-ruhrblick.ruhr\/?attachment_id=302\" class=\"wp-image-302\" srcset=\"https:\/\/cafe-ruhrblick.ruhr\/wp-content\/uploads\/2021\/11\/IMG_0116-1024x768.jpg 1024w, https:\/\/cafe-ruhrblick.ruhr\/wp-content\/uploads\/2021\/11\/IMG_0116-300x225.jpg 300w, https:\/\/cafe-ruhrblick.ruhr\/wp-content\/uploads\/2021\/11\/IMG_0116-768x576.jpg 768w, https:\/\/cafe-ruhrblick.ruhr\/wp-content\/uploads\/2021\/11\/IMG_0116-1536x1152.jpg 1536w, https:\/\/cafe-ruhrblick.ruhr\/wp-content\/uploads\/2021\/11\/IMG_0116-2048x1536.jpg 2048w\" sizes=\"auto, (max-width: 1024px) 100vw, 1024px\" \/><\/figure><\/li><li class=\"blocks-gallery-item\"><figure><img loading=\"lazy\" decoding=\"async\" width=\"1024\" height=\"768\" src=\"https:\/\/cafe-ruhrblick.ruhr\/wp-content\/uploads\/2021\/11\/IMG_0113-1024x768.jpg\" alt=\"\" data-id=\"301\" data-full-url=\"https:\/\/cafe-ruhrblick.ruhr\/wp-content\/uploads\/2021\/11\/IMG_0113-scaled.jpg\" data-link=\"https:\/\/cafe-ruhrblick.ruhr\/?attachment_id=301\" class=\"wp-image-301\" srcset=\"https:\/\/cafe-ruhrblick.ruhr\/wp-content\/uploads\/2021\/11\/IMG_0113-1024x768.jpg 1024w, https:\/\/cafe-ruhrblick.ruhr\/wp-content\/uploads\/2021\/11\/IMG_0113-300x225.jpg 300w, https:\/\/cafe-ruhrblick.ruhr\/wp-content\/uploads\/2021\/11\/IMG_0113-768x576.jpg 768w, https:\/\/cafe-ruhrblick.ruhr\/wp-content\/uploads\/2021\/11\/IMG_0113-1536x1152.jpg 1536w, https:\/\/cafe-ruhrblick.ruhr\/wp-content\/uploads\/2021\/11\/IMG_0113-2048x1536.jpg 2048w\" sizes=\"auto, (max-width: 1024px) 100vw, 1024px\" \/><\/figure><\/li><li class=\"blocks-gallery-item\"><figure><img loading=\"lazy\" decoding=\"async\" width=\"1024\" height=\"768\" src=\"https:\/\/cafe-ruhrblick.ruhr\/wp-content\/uploads\/2021\/11\/IMG_0112-1024x768.jpg\" alt=\"\" data-id=\"300\" data-full-url=\"https:\/\/cafe-ruhrblick.ruhr\/wp-content\/uploads\/2021\/11\/IMG_0112-scaled.jpg\" data-link=\"https:\/\/cafe-ruhrblick.ruhr\/?attachment_id=300\" class=\"wp-image-300\" srcset=\"https:\/\/cafe-ruhrblick.ruhr\/wp-content\/uploads\/2021\/11\/IMG_0112-1024x768.jpg 1024w, https:\/\/cafe-ruhrblick.ruhr\/wp-content\/uploads\/2021\/11\/IMG_0112-300x225.jpg 300w, https:\/\/cafe-ruhrblick.ruhr\/wp-content\/uploads\/2021\/11\/IMG_0112-768x576.jpg 768w, https:\/\/cafe-ruhrblick.ruhr\/wp-content\/uploads\/2021\/11\/IMG_0112-1536x1152.jpg 1536w, https:\/\/cafe-ruhrblick.ruhr\/wp-content\/uploads\/2021\/11\/IMG_0112-2048x1536.jpg 2048w\" sizes=\"auto, (max-width: 1024px) 100vw, 1024px\" \/><\/figure><\/li><li class=\"blocks-gallery-item\"><figure><img loading=\"lazy\" decoding=\"async\" width=\"1024\" height=\"768\" src=\"https:\/\/cafe-ruhrblick.ruhr\/wp-content\/uploads\/2021\/11\/IMG_0111-1024x768.jpg\" alt=\"\" data-id=\"299\" data-full-url=\"https:\/\/cafe-ruhrblick.ruhr\/wp-content\/uploads\/2021\/11\/IMG_0111.jpg\" data-link=\"https:\/\/cafe-ruhrblick.ruhr\/?attachment_id=299\" class=\"wp-image-299\" srcset=\"https:\/\/cafe-ruhrblick.ruhr\/wp-content\/uploads\/2021\/11\/IMG_0111-1024x768.jpg 1024w, https:\/\/cafe-ruhrblick.ruhr\/wp-content\/uploads\/2021\/11\/IMG_0111-300x225.jpg 300w, https:\/\/cafe-ruhrblick.ruhr\/wp-content\/uploads\/2021\/11\/IMG_0111-768x576.jpg 768w, https:\/\/cafe-ruhrblick.ruhr\/wp-content\/uploads\/2021\/11\/IMG_0111-1536x1152.jpg 1536w, https:\/\/cafe-ruhrblick.ruhr\/wp-content\/uploads\/2021\/11\/IMG_0111-2048x1536.jpg 2048w\" sizes=\"auto, (max-width: 1024px) 100vw, 1024px\" \/><\/figure><\/li><li class=\"blocks-gallery-item\"><figure><img loading=\"lazy\" decoding=\"async\" width=\"640\" height=\"480\" src=\"https:\/\/cafe-ruhrblick.ruhr\/wp-content\/uploads\/2021\/11\/IMG_0090.jpg\" alt=\"\" data-id=\"296\" data-full-url=\"https:\/\/cafe-ruhrblick.ruhr\/wp-content\/uploads\/2021\/11\/IMG_0090.jpg\" data-link=\"https:\/\/cafe-ruhrblick.ruhr\/?attachment_id=296\" class=\"wp-image-296\" srcset=\"https:\/\/cafe-ruhrblick.ruhr\/wp-content\/uploads\/2021\/11\/IMG_0090.jpg 640w, https:\/\/cafe-ruhrblick.ruhr\/wp-content\/uploads\/2021\/11\/IMG_0090-300x225.jpg 300w\" sizes=\"auto, (max-width: 640px) 100vw, 640px\" \/><\/figure><\/li><\/ul><\/figure>\n","protected":false},"excerpt":{"rendered":"<div class=\"entry-summary\">\nDie Adventszeit hat begonnen und das feiern wir mit einem gro\u00dfen Angebot&hellip;\n<\/div>\n<div class=\"link-more\"><a href=\"https:\/\/cafe-ruhrblick.ruhr\/?page_id=305\" class=\"more-link\">Continue reading<span class=\"screen-reader-text\"> &ldquo;Weihnachten&rdquo;<\/span>&hellip;<\/a><\/div>\n","protected":false},"author":1,"featured_media":0,"parent":0,"menu_order":0,"comment_status":"closed","ping_status":"closed","template":"","meta":{"_monsterinsights_skip_tracking":false,"_monsterinsights_sitenote_active":false,"_monsterinsights_sitenote_note":"","_monsterinsights_sitenote_category":0,"footnotes":""},"class_list":["post-305","page","type-page","status-publish","hentry","entry"],"yoast_head":"<!-- This site is optimized with the Yoast SEO plugin v27.6 - https:\/\/yoast.com\/product\/yoast-seo-wordpress\/ -->\n<title>Weihnachten - Caf\u00e9 Ruhrblick<\/title>\n<meta name=\"robots\" content=\"index, follow, max-snippet:-1, max-image-preview:large, max-video-preview:-1\" \/>\n<link rel=\"canonical\" href=\"https:\/\/cafe-ruhrblick.ruhr\/?page_id=305\" \/>\n<meta property=\"og:locale\" content=\"de_DE\" \/>\n<meta property=\"og:type\" content=\"article\" \/>\n<meta property=\"og:title\" content=\"Weihnachten - Caf\u00e9 Ruhrblick\" \/>\n<meta property=\"og:description\" content=\"Die Adventszeit hat begonnen und das feiern wir mit einem gro\u00dfen Angebot&hellip; Continue reading &ldquo;Weihnachten&rdquo;&hellip;\" \/>\n<meta property=\"og:url\" content=\"https:\/\/cafe-ruhrblick.ruhr\/?page_id=305\" \/>\n<meta property=\"og:site_name\" content=\"Caf\u00e9 Ruhrblick\" \/>\n<meta property=\"article:modified_time\" content=\"2021-12-17T10:37:20+00:00\" \/>\n<meta property=\"og:image\" content=\"http:\/\/cafe-ruhrblick.ruhr\/wp-content\/uploads\/2021\/11\/IMG_0119-1024x768.jpg\" \/>\n<meta name=\"twitter:card\" content=\"summary_large_image\" \/>\n<meta name=\"twitter:label1\" content=\"Gesch\u00e4tzte Lesezeit\" \/>\n\t<meta name=\"twitter:data1\" content=\"2\u00a0Minuten\" \/>\n<script type=\"application\/ld+json\" class=\"yoast-schema-graph\">{\"@context\":\"https:\\\/\\\/schema.org\",\"@graph\":[{\"@type\":\"WebPage\",\"@id\":\"https:\\\/\\\/cafe-ruhrblick.ruhr\\\/?page_id=305\",\"url\":\"https:\\\/\\\/cafe-ruhrblick.ruhr\\\/?page_id=305\",\"name\":\"Weihnachten - Caf\u00e9 Ruhrblick\",\"isPartOf\":{\"@id\":\"https:\\\/\\\/cafe-ruhrblick.ruhr\\\/#website\"},\"primaryImageOfPage\":{\"@id\":\"https:\\\/\\\/cafe-ruhrblick.ruhr\\\/?page_id=305#primaryimage\"},\"image\":{\"@id\":\"https:\\\/\\\/cafe-ruhrblick.ruhr\\\/?page_id=305#primaryimage\"},\"thumbnailUrl\":\"http:\\\/\\\/cafe-ruhrblick.ruhr\\\/wp-content\\\/uploads\\\/2021\\\/11\\\/IMG_0119-1024x768.jpg\",\"datePublished\":\"2021-11-30T07:57:18+00:00\",\"dateModified\":\"2021-12-17T10:37:20+00:00\",\"breadcrumb\":{\"@id\":\"https:\\\/\\\/cafe-ruhrblick.ruhr\\\/?page_id=305#breadcrumb\"},\"inLanguage\":\"de\",\"potentialAction\":[{\"@type\":\"ReadAction\",\"target\":[\"https:\\\/\\\/cafe-ruhrblick.ruhr\\\/?page_id=305\"]}]},{\"@type\":\"ImageObject\",\"inLanguage\":\"de\",\"@id\":\"https:\\\/\\\/cafe-ruhrblick.ruhr\\\/?page_id=305#primaryimage\",\"url\":\"https:\\\/\\\/cafe-ruhrblick.ruhr\\\/wp-content\\\/uploads\\\/2021\\\/11\\\/IMG_0119-scaled.jpg\",\"contentUrl\":\"https:\\\/\\\/cafe-ruhrblick.ruhr\\\/wp-content\\\/uploads\\\/2021\\\/11\\\/IMG_0119-scaled.jpg\",\"width\":2560,\"height\":1920},{\"@type\":\"BreadcrumbList\",\"@id\":\"https:\\\/\\\/cafe-ruhrblick.ruhr\\\/?page_id=305#breadcrumb\",\"itemListElement\":[{\"@type\":\"ListItem\",\"position\":1,\"name\":\"Startseite\",\"item\":\"https:\\\/\\\/cafe-ruhrblick.ruhr\\\/\"},{\"@type\":\"ListItem\",\"position\":2,\"name\":\"Weihnachten\"}]},{\"@type\":\"WebSite\",\"@id\":\"https:\\\/\\\/cafe-ruhrblick.ruhr\\\/#website\",\"url\":\"https:\\\/\\\/cafe-ruhrblick.ruhr\\\/\",\"name\":\"Caf\u00e9 Ruhrblick\",\"description\":\"Genie\u00dfen mit guter Aussicht\",\"publisher\":{\"@id\":\"https:\\\/\\\/cafe-ruhrblick.ruhr\\\/#organization\"},\"potentialAction\":[{\"@type\":\"SearchAction\",\"target\":{\"@type\":\"EntryPoint\",\"urlTemplate\":\"https:\\\/\\\/cafe-ruhrblick.ruhr\\\/?s={search_term_string}\"},\"query-input\":{\"@type\":\"PropertyValueSpecification\",\"valueRequired\":true,\"valueName\":\"search_term_string\"}}],\"inLanguage\":\"de\"},{\"@type\":\"Organization\",\"@id\":\"https:\\\/\\\/cafe-ruhrblick.ruhr\\\/#organization\",\"name\":\"Caf\u00e9 Ruhrblick\",\"url\":\"https:\\\/\\\/cafe-ruhrblick.ruhr\\\/\",\"logo\":{\"@type\":\"ImageObject\",\"inLanguage\":\"de\",\"@id\":\"https:\\\/\\\/cafe-ruhrblick.ruhr\\\/#\\\/schema\\\/logo\\\/image\\\/\",\"url\":\"https:\\\/\\\/cafe-ruhrblick.ruhr\\\/wp-content\\\/uploads\\\/2019\\\/07\\\/cropped-branding.png\",\"contentUrl\":\"https:\\\/\\\/cafe-ruhrblick.ruhr\\\/wp-content\\\/uploads\\\/2019\\\/07\\\/cropped-branding.png\",\"width\":153,\"height\":97,\"caption\":\"Caf\u00e9 Ruhrblick\"},\"image\":{\"@id\":\"https:\\\/\\\/cafe-ruhrblick.ruhr\\\/#\\\/schema\\\/logo\\\/image\\\/\"}}]}<\/script>\n<!-- \/ Yoast SEO plugin. -->","yoast_head_json":{"title":"Weihnachten - Caf\u00e9 Ruhrblick","robots":{"index":"index","follow":"follow","max-snippet":"max-snippet:-1","max-image-preview":"max-image-preview:large","max-video-preview":"max-video-preview:-1"},"canonical":"https:\/\/cafe-ruhrblick.ruhr\/?page_id=305","og_locale":"de_DE","og_type":"article","og_title":"Weihnachten - Caf\u00e9 Ruhrblick","og_description":"Die Adventszeit hat begonnen und das feiern wir mit einem gro\u00dfen Angebot&hellip; Continue reading &ldquo;Weihnachten&rdquo;&hellip;","og_url":"https:\/\/cafe-ruhrblick.ruhr\/?page_id=305","og_site_name":"Caf\u00e9 Ruhrblick","article_modified_time":"2021-12-17T10:37:20+00:00","og_image":[{"url":"http:\/\/cafe-ruhrblick.ruhr\/wp-content\/uploads\/2021\/11\/IMG_0119-1024x768.jpg","type":"","width":"","height":""}],"twitter_card":"summary_large_image","twitter_misc":{"Gesch\u00e4tzte Lesezeit":"2\u00a0Minuten"},"schema":{"@context":"https:\/\/schema.org","@graph":[{"@type":"WebPage","@id":"https:\/\/cafe-ruhrblick.ruhr\/?page_id=305","url":"https:\/\/cafe-ruhrblick.ruhr\/?page_id=305","name":"Weihnachten - Caf\u00e9 Ruhrblick","isPartOf":{"@id":"https:\/\/cafe-ruhrblick.ruhr\/#website"},"primaryImageOfPage":{"@id":"https:\/\/cafe-ruhrblick.ruhr\/?page_id=305#primaryimage"},"image":{"@id":"https:\/\/cafe-ruhrblick.ruhr\/?page_id=305#primaryimage"},"thumbnailUrl":"http:\/\/cafe-ruhrblick.ruhr\/wp-content\/uploads\/2021\/11\/IMG_0119-1024x768.jpg","datePublished":"2021-11-30T07:57:18+00:00","dateModified":"2021-12-17T10:37:20+00:00","breadcrumb":{"@id":"https:\/\/cafe-ruhrblick.ruhr\/?page_id=305#breadcrumb"},"inLanguage":"de","potentialAction":[{"@type":"ReadAction","target":["https:\/\/cafe-ruhrblick.ruhr\/?page_id=305"]}]},{"@type":"ImageObject","inLanguage":"de","@id":"https:\/\/cafe-ruhrblick.ruhr\/?page_id=305#primaryimage","url":"https:\/\/cafe-ruhrblick.ruhr\/wp-content\/uploads\/2021\/11\/IMG_0119-scaled.jpg","contentUrl":"https:\/\/cafe-ruhrblick.ruhr\/wp-content\/uploads\/2021\/11\/IMG_0119-scaled.jpg","width":2560,"height":1920},{"@type":"BreadcrumbList","@id":"https:\/\/cafe-ruhrblick.ruhr\/?page_id=305#breadcrumb","itemListElement":[{"@type":"ListItem","position":1,"name":"Startseite","item":"https:\/\/cafe-ruhrblick.ruhr\/"},{"@type":"ListItem","position":2,"name":"Weihnachten"}]},{"@type":"WebSite","@id":"https:\/\/cafe-ruhrblick.ruhr\/#website","url":"https:\/\/cafe-ruhrblick.ruhr\/","name":"Caf\u00e9 Ruhrblick","description":"Genie\u00dfen mit guter Aussicht","publisher":{"@id":"https:\/\/cafe-ruhrblick.ruhr\/#organization"},"potentialAction":[{"@type":"SearchAction","target":{"@type":"EntryPoint","urlTemplate":"https:\/\/cafe-ruhrblick.ruhr\/?s={search_term_string}"},"query-input":{"@type":"PropertyValueSpecification","valueRequired":true,"valueName":"search_term_string"}}],"inLanguage":"de"},{"@type":"Organization","@id":"https:\/\/cafe-ruhrblick.ruhr\/#organization","name":"Caf\u00e9 Ruhrblick","url":"https:\/\/cafe-ruhrblick.ruhr\/","logo":{"@type":"ImageObject","inLanguage":"de","@id":"https:\/\/cafe-ruhrblick.ruhr\/#\/schema\/logo\/image\/","url":"https:\/\/cafe-ruhrblick.ruhr\/wp-content\/uploads\/2019\/07\/cropped-branding.png","contentUrl":"https:\/\/cafe-ruhrblick.ruhr\/wp-content\/uploads\/2019\/07\/cropped-branding.png","width":153,"height":97,"caption":"Caf\u00e9 Ruhrblick"},"image":{"@id":"https:\/\/cafe-ruhrblick.ruhr\/#\/schema\/logo\/image\/"}}]}},"_links":{"self":[{"href":"https:\/\/cafe-ruhrblick.ruhr\/index.php?rest_route=\/wp\/v2\/pages\/305","targetHints":{"allow":["GET"]}}],"collection":[{"href":"https:\/\/cafe-ruhrblick.ruhr\/index.php?rest_route=\/wp\/v2\/pages"}],"about":[{"href":"https:\/\/cafe-ruhrblick.ruhr\/index.php?rest_route=\/wp\/v2\/types\/page"}],"author":[{"embeddable":true,"href":"https:\/\/cafe-ruhrblick.ruhr\/index.php?rest_route=\/wp\/v2\/users\/1"}],"replies":[{"embeddable":true,"href":"https:\/\/cafe-ruhrblick.ruhr\/index.php?rest_route=%2Fwp%2Fv2%2Fcomments&post=305"}],"version-history":[{"count":1,"href":"https:\/\/cafe-ruhrblick.ruhr\/index.php?rest_route=\/wp\/v2\/pages\/305\/revisions"}],"predecessor-version":[{"id":306,"href":"https:\/\/cafe-ruhrblick.ruhr\/index.php?rest_route=\/wp\/v2\/pages\/305\/revisions\/306"}],"wp:attachment":[{"href":"https:\/\/cafe-ruhrblick.ruhr\/index.php?rest_route=%2Fwp%2Fv2%2Fmedia&parent=305"}],"curies":[{"name":"wp","href":"https:\/\/api.w.org\/{rel}","templated":true}]}}