{"id":25,"date":"2019-07-11T19:46:33","date_gmt":"2019-07-11T19:46:33","guid":{"rendered":"http:\/\/cafe-ruhrblick.ruhr\/?page_id=25"},"modified":"2019-12-21T14:27:06","modified_gmt":"2019-12-21T14:27:06","slug":"herzlich-willkommen","status":"publish","type":"page","link":"https:\/\/cafe-ruhrblick.ruhr\/","title":{"rendered":"Herzlich willkommen"},"content":{"rendered":"\n<p>Gl\u00fcck kann so einfach sein: Bei einer Tasse guten Kaffees und einem sch\u00f6nen St\u00fcck Kuchen den Blick in die ferne Schweifen lassen. Genau das k\u00f6nnen Sie bei uns im Caf\u00e9 Ruhrblick.<\/p>\n\n\n\n<p>Seit vielen Jahrzehnten sind wir f\u00fcr Sie da und versorgen Sie mit frischen Backwaren, leckerem Fr\u00fchst\u00fcck sowie Kaffee und Kuchen. Auch f\u00fcr Ihre privaten Veranstaltungen stehen wir mit unseren R\u00e4umlichkeiten zur Verf\u00fcgung. <\/p>\n\n\n\n<p>Informieren Sie sich einfach auf unseren Seiten hier oder kontaktieren Sie uns direkt.<\/p>\n\n\n\n<p>Wir freuen uns auf Ihren Besuch.<\/p>\n\n\n\n<p>Ihr Stefan Gr\u00e4ler und Team<\/p>\n\n\n\n<p>P.S.: Besuchen Sie doch auch einmal die Webseite unserer Backstube: <a href=\"http:\/\/www.gr\u00e4ler.ruhr\">www.gr\u00e4ler.ruhr<\/a><\/p>\n","protected":false},"excerpt":{"rendered":"<div class=\"entry-summary\">\nGl\u00fcck kann so einfach sein: Bei einer Tasse guten Kaffees und einem&hellip;\n<\/div>\n<div class=\"link-more\"><a href=\"https:\/\/cafe-ruhrblick.ruhr\/\" class=\"more-link\">Continue reading<span class=\"screen-reader-text\"> &ldquo;Herzlich willkommen&rdquo;<\/span>&hellip;<\/a><\/div>\n","protected":false},"author":1,"featured_media":0,"parent":0,"menu_order":0,"comment_status":"closed","ping_status":"closed","template":"","meta":{"_monsterinsights_skip_tracking":false,"_monsterinsights_sitenote_active":false,"_monsterinsights_sitenote_note":"","_monsterinsights_sitenote_category":0,"footnotes":""},"class_list":["post-25","page","type-page","status-publish","hentry","entry"],"yoast_head":"<!-- This site is optimized with the Yoast SEO plugin v27.3 - https:\/\/yoast.com\/product\/yoast-seo-wordpress\/ -->\n<title>Herzlich willkommen - Caf\u00e9 Ruhrblick<\/title>\n<meta name=\"robots\" content=\"index, follow, max-snippet:-1, max-image-preview:large, max-video-preview:-1\" \/>\n<link rel=\"canonical\" href=\"https:\/\/cafe-ruhrblick.ruhr\/\" \/>\n<meta property=\"og:locale\" content=\"de_DE\" \/>\n<meta property=\"og:type\" content=\"article\" \/>\n<meta property=\"og:title\" content=\"Herzlich willkommen - Caf\u00e9 Ruhrblick\" \/>\n<meta property=\"og:description\" content=\"Gl\u00fcck kann so einfach sein: Bei einer Tasse guten Kaffees und einem&hellip; Continue reading &ldquo;Herzlich willkommen&rdquo;&hellip;\" \/>\n<meta property=\"og:url\" content=\"https:\/\/cafe-ruhrblick.ruhr\/\" \/>\n<meta property=\"og:site_name\" content=\"Caf\u00e9 Ruhrblick\" \/>\n<meta property=\"article:modified_time\" content=\"2019-12-21T14:27:06+00:00\" \/>\n<meta name=\"twitter:card\" content=\"summary_large_image\" \/>\n<meta name=\"twitter:label1\" content=\"Gesch\u00e4tzte Lesezeit\" \/>\n\t<meta name=\"twitter:data1\" content=\"1\u00a0Minute\" \/>\n<script type=\"application\/ld+json\" class=\"yoast-schema-graph\">{\"@context\":\"https:\\\/\\\/schema.org\",\"@graph\":[{\"@type\":\"WebPage\",\"@id\":\"https:\\\/\\\/cafe-ruhrblick.ruhr\\\/\",\"url\":\"https:\\\/\\\/cafe-ruhrblick.ruhr\\\/\",\"name\":\"Herzlich willkommen - Caf\u00e9 Ruhrblick\",\"isPartOf\":{\"@id\":\"https:\\\/\\\/cafe-ruhrblick.ruhr\\\/#website\"},\"datePublished\":\"2019-07-11T19:46:33+00:00\",\"dateModified\":\"2019-12-21T14:27:06+00:00\",\"breadcrumb\":{\"@id\":\"https:\\\/\\\/cafe-ruhrblick.ruhr\\\/#breadcrumb\"},\"inLanguage\":\"de\",\"potentialAction\":[{\"@type\":\"ReadAction\",\"target\":[\"https:\\\/\\\/cafe-ruhrblick.ruhr\\\/\"]}]},{\"@type\":\"BreadcrumbList\",\"@id\":\"https:\\\/\\\/cafe-ruhrblick.ruhr\\\/#breadcrumb\",\"itemListElement\":[{\"@type\":\"ListItem\",\"position\":1,\"name\":\"Startseite\",\"item\":\"https:\\\/\\\/cafe-ruhrblick.ruhr\\\/\"},{\"@type\":\"ListItem\",\"position\":2,\"name\":\"Herzlich willkommen\"}]},{\"@type\":\"WebSite\",\"@id\":\"https:\\\/\\\/cafe-ruhrblick.ruhr\\\/#website\",\"url\":\"https:\\\/\\\/cafe-ruhrblick.ruhr\\\/\",\"name\":\"Caf\u00e9 Ruhrblick\",\"description\":\"Genie\u00dfen mit guter Aussicht\",\"publisher\":{\"@id\":\"https:\\\/\\\/cafe-ruhrblick.ruhr\\\/#organization\"},\"potentialAction\":[{\"@type\":\"SearchAction\",\"target\":{\"@type\":\"EntryPoint\",\"urlTemplate\":\"https:\\\/\\\/cafe-ruhrblick.ruhr\\\/?s={search_term_string}\"},\"query-input\":{\"@type\":\"PropertyValueSpecification\",\"valueRequired\":true,\"valueName\":\"search_term_string\"}}],\"inLanguage\":\"de\"},{\"@type\":\"Organization\",\"@id\":\"https:\\\/\\\/cafe-ruhrblick.ruhr\\\/#organization\",\"name\":\"Caf\u00e9 Ruhrblick\",\"url\":\"https:\\\/\\\/cafe-ruhrblick.ruhr\\\/\",\"logo\":{\"@type\":\"ImageObject\",\"inLanguage\":\"de\",\"@id\":\"https:\\\/\\\/cafe-ruhrblick.ruhr\\\/#\\\/schema\\\/logo\\\/image\\\/\",\"url\":\"https:\\\/\\\/cafe-ruhrblick.ruhr\\\/wp-content\\\/uploads\\\/2019\\\/07\\\/cropped-branding.png\",\"contentUrl\":\"https:\\\/\\\/cafe-ruhrblick.ruhr\\\/wp-content\\\/uploads\\\/2019\\\/07\\\/cropped-branding.png\",\"width\":153,\"height\":97,\"caption\":\"Caf\u00e9 Ruhrblick\"},\"image\":{\"@id\":\"https:\\\/\\\/cafe-ruhrblick.ruhr\\\/#\\\/schema\\\/logo\\\/image\\\/\"}}]}<\/script>\n<!-- \/ Yoast SEO plugin. -->","yoast_head_json":{"title":"Herzlich willkommen - Caf\u00e9 Ruhrblick","robots":{"index":"index","follow":"follow","max-snippet":"max-snippet:-1","max-image-preview":"max-image-preview:large","max-video-preview":"max-video-preview:-1"},"canonical":"https:\/\/cafe-ruhrblick.ruhr\/","og_locale":"de_DE","og_type":"article","og_title":"Herzlich willkommen - Caf\u00e9 Ruhrblick","og_description":"Gl\u00fcck kann so einfach sein: Bei einer Tasse guten Kaffees und einem&hellip; Continue reading &ldquo;Herzlich willkommen&rdquo;&hellip;","og_url":"https:\/\/cafe-ruhrblick.ruhr\/","og_site_name":"Caf\u00e9 Ruhrblick","article_modified_time":"2019-12-21T14:27:06+00:00","twitter_card":"summary_large_image","twitter_misc":{"Gesch\u00e4tzte Lesezeit":"1\u00a0Minute"},"schema":{"@context":"https:\/\/schema.org","@graph":[{"@type":"WebPage","@id":"https:\/\/cafe-ruhrblick.ruhr\/","url":"https:\/\/cafe-ruhrblick.ruhr\/","name":"Herzlich willkommen - Caf\u00e9 Ruhrblick","isPartOf":{"@id":"https:\/\/cafe-ruhrblick.ruhr\/#website"},"datePublished":"2019-07-11T19:46:33+00:00","dateModified":"2019-12-21T14:27:06+00:00","breadcrumb":{"@id":"https:\/\/cafe-ruhrblick.ruhr\/#breadcrumb"},"inLanguage":"de","potentialAction":[{"@type":"ReadAction","target":["https:\/\/cafe-ruhrblick.ruhr\/"]}]},{"@type":"BreadcrumbList","@id":"https:\/\/cafe-ruhrblick.ruhr\/#breadcrumb","itemListElement":[{"@type":"ListItem","position":1,"name":"Startseite","item":"https:\/\/cafe-ruhrblick.ruhr\/"},{"@type":"ListItem","position":2,"name":"Herzlich willkommen"}]},{"@type":"WebSite","@id":"https:\/\/cafe-ruhrblick.ruhr\/#website","url":"https:\/\/cafe-ruhrblick.ruhr\/","name":"Caf\u00e9 Ruhrblick","description":"Genie\u00dfen mit guter Aussicht","publisher":{"@id":"https:\/\/cafe-ruhrblick.ruhr\/#organization"},"potentialAction":[{"@type":"SearchAction","target":{"@type":"EntryPoint","urlTemplate":"https:\/\/cafe-ruhrblick.ruhr\/?s={search_term_string}"},"query-input":{"@type":"PropertyValueSpecification","valueRequired":true,"valueName":"search_term_string"}}],"inLanguage":"de"},{"@type":"Organization","@id":"https:\/\/cafe-ruhrblick.ruhr\/#organization","name":"Caf\u00e9 Ruhrblick","url":"https:\/\/cafe-ruhrblick.ruhr\/","logo":{"@type":"ImageObject","inLanguage":"de","@id":"https:\/\/cafe-ruhrblick.ruhr\/#\/schema\/logo\/image\/","url":"https:\/\/cafe-ruhrblick.ruhr\/wp-content\/uploads\/2019\/07\/cropped-branding.png","contentUrl":"https:\/\/cafe-ruhrblick.ruhr\/wp-content\/uploads\/2019\/07\/cropped-branding.png","width":153,"height":97,"caption":"Caf\u00e9 Ruhrblick"},"image":{"@id":"https:\/\/cafe-ruhrblick.ruhr\/#\/schema\/logo\/image\/"}}]}},"_links":{"self":[{"href":"https:\/\/cafe-ruhrblick.ruhr\/index.php?rest_route=\/wp\/v2\/pages\/25","targetHints":{"allow":["GET"]}}],"collection":[{"href":"https:\/\/cafe-ruhrblick.ruhr\/index.php?rest_route=\/wp\/v2\/pages"}],"about":[{"href":"https:\/\/cafe-ruhrblick.ruhr\/index.php?rest_route=\/wp\/v2\/types\/page"}],"author":[{"embeddable":true,"href":"https:\/\/cafe-ruhrblick.ruhr\/index.php?rest_route=\/wp\/v2\/users\/1"}],"replies":[{"embeddable":true,"href":"https:\/\/cafe-ruhrblick.ruhr\/index.php?rest_route=%2Fwp%2Fv2%2Fcomments&post=25"}],"version-history":[{"count":5,"href":"https:\/\/cafe-ruhrblick.ruhr\/index.php?rest_route=\/wp\/v2\/pages\/25\/revisions"}],"predecessor-version":[{"id":167,"href":"https:\/\/cafe-ruhrblick.ruhr\/index.php?rest_route=\/wp\/v2\/pages\/25\/revisions\/167"}],"wp:attachment":[{"href":"https:\/\/cafe-ruhrblick.ruhr\/index.php?rest_route=%2Fwp%2Fv2%2Fmedia&parent=25"}],"curies":[{"name":"wp","href":"https:\/\/api.w.org\/{rel}","templated":true}]}}